{"id":11061,"date":"2023-07-04T18:20:14","date_gmt":"2023-07-04T18:20:14","guid":{"rendered":"http:\/\/utecsalatam.srtv.cl\/?post_type=product&#038;p=11061"},"modified":"2023-08-09T16:31:30","modified_gmt":"2023-08-09T16:31:30","slug":"tapon-magnetico-1bsp-allen","status":"publish","type":"product","link":"https:\/\/utecsa.cl\/index.php\/producto\/tapon-magnetico-1bsp-allen\/","title":{"rendered":"Tapon Magnetico 1&#8243;BSP Allen"},"content":{"rendered":"","protected":false},"excerpt":{"rendered":"","protected":false},"featured_media":0,"template":"","meta":{"_acf_changed":false},"product_brand":[],"product_cat":[383,783],"product_tag":[],"class_list":{"0":"post-11061","1":"product","2":"type-product","3":"status-publish","5":"product_cat-tapon-magnetico-allen-bsp","6":"product_cat-tapon-magnetico-allen-bsp-inox-ss-316","8":"first","9":"instock","10":"shipping-taxable","11":"purchasable","12":"product-type-simple"},"acf":[],"yoast_head":"<!-- This site is optimized with the Yoast SEO plugin v27.3 - https:\/\/yoast.com\/product\/yoast-seo-wordpress\/ -->\n<title>Tapon Magnetico 1&quot;BSP Allen - Utecsa<\/title>\n<meta name=\"robots\" content=\"index, follow, max-snippet:-1, max-image-preview:large, max-video-preview:-1\" \/>\n<link rel=\"canonical\" href=\"https:\/\/utecsa.cl\/index.php\/producto\/tapon-magnetico-1bsp-allen\/\" \/>\n<meta property=\"og:locale\" content=\"es_ES\" \/>\n<meta property=\"og:type\" content=\"article\" \/>\n<meta property=\"og:title\" content=\"Tapon Magnetico 1&quot;BSP Allen - Utecsa\" \/>\n<meta property=\"og:url\" content=\"https:\/\/utecsa.cl\/index.php\/producto\/tapon-magnetico-1bsp-allen\/\" \/>\n<meta property=\"og:site_name\" content=\"Utecsa\" \/>\n<meta property=\"article:modified_time\" content=\"2023-08-09T16:31:30+00:00\" \/>\n<meta name=\"twitter:card\" content=\"summary_large_image\" \/>\n<script type=\"application\/ld+json\" class=\"yoast-schema-graph\">{\"@context\":\"https:\\\/\\\/schema.org\",\"@graph\":[{\"@type\":\"WebPage\",\"@id\":\"https:\\\/\\\/utecsa.cl\\\/index.php\\\/producto\\\/tapon-magnetico-1bsp-allen\\\/\",\"url\":\"https:\\\/\\\/utecsa.cl\\\/index.php\\\/producto\\\/tapon-magnetico-1bsp-allen\\\/\",\"name\":\"Tapon Magnetico 1\\\"BSP Allen - Utecsa\",\"isPartOf\":{\"@id\":\"https:\\\/\\\/utecsa.cl\\\/#website\"},\"datePublished\":\"2023-07-04T18:20:14+00:00\",\"dateModified\":\"2023-08-09T16:31:30+00:00\",\"breadcrumb\":{\"@id\":\"https:\\\/\\\/utecsa.cl\\\/index.php\\\/producto\\\/tapon-magnetico-1bsp-allen\\\/#breadcrumb\"},\"inLanguage\":\"es\",\"potentialAction\":[{\"@type\":\"ReadAction\",\"target\":[\"https:\\\/\\\/utecsa.cl\\\/index.php\\\/producto\\\/tapon-magnetico-1bsp-allen\\\/\"]}]},{\"@type\":\"BreadcrumbList\",\"@id\":\"https:\\\/\\\/utecsa.cl\\\/index.php\\\/producto\\\/tapon-magnetico-1bsp-allen\\\/#breadcrumb\",\"itemListElement\":[{\"@type\":\"ListItem\",\"position\":1,\"name\":\"Portada\",\"item\":\"https:\\\/\\\/utecsa.cl\\\/\"},{\"@type\":\"ListItem\",\"position\":2,\"name\":\"Tienda\",\"item\":\"https:\\\/\\\/utecsa.cl\\\/index.php\\\/tienda\\\/\"},{\"@type\":\"ListItem\",\"position\":3,\"name\":\"Tapon Magnetico 1&#8243;BSP Allen\"}]},{\"@type\":\"WebSite\",\"@id\":\"https:\\\/\\\/utecsa.cl\\\/#website\",\"url\":\"https:\\\/\\\/utecsa.cl\\\/\",\"name\":\"Utecsa\",\"description\":\"V\u00e1lvulas hidr\u00e1ulicas | Componentes para sistemas hidr\u00e1ulicos | Conectores hidr\u00e1ulicos | Adaptadores hidr\u00e1ulicos | Fittings de acero inoxidable | Conectores de acero inoxidable\",\"publisher\":{\"@id\":\"https:\\\/\\\/utecsa.cl\\\/#organization\"},\"potentialAction\":[{\"@type\":\"SearchAction\",\"target\":{\"@type\":\"EntryPoint\",\"urlTemplate\":\"https:\\\/\\\/utecsa.cl\\\/?s={search_term_string}\"},\"query-input\":{\"@type\":\"PropertyValueSpecification\",\"valueRequired\":true,\"valueName\":\"search_term_string\"}}],\"inLanguage\":\"es\"},{\"@type\":\"Organization\",\"@id\":\"https:\\\/\\\/utecsa.cl\\\/#organization\",\"name\":\"Utecsa\",\"url\":\"https:\\\/\\\/utecsa.cl\\\/\",\"logo\":{\"@type\":\"ImageObject\",\"inLanguage\":\"es\",\"@id\":\"https:\\\/\\\/utecsa.cl\\\/#\\\/schema\\\/logo\\\/image\\\/\",\"url\":\"https:\\\/\\\/utecsa.cl\\\/wp-content\\\/uploads\\\/2023\\\/12\\\/logo.png\",\"contentUrl\":\"https:\\\/\\\/utecsa.cl\\\/wp-content\\\/uploads\\\/2023\\\/12\\\/logo.png\",\"width\":309,\"height\":150,\"caption\":\"Utecsa\"},\"image\":{\"@id\":\"https:\\\/\\\/utecsa.cl\\\/#\\\/schema\\\/logo\\\/image\\\/\"}}]}<\/script>\n<!-- \/ Yoast SEO plugin. -->","yoast_head_json":{"title":"Tapon Magnetico 1\"BSP Allen - Utecsa","robots":{"index":"index","follow":"follow","max-snippet":"max-snippet:-1","max-image-preview":"max-image-preview:large","max-video-preview":"max-video-preview:-1"},"canonical":"https:\/\/utecsa.cl\/index.php\/producto\/tapon-magnetico-1bsp-allen\/","og_locale":"es_ES","og_type":"article","og_title":"Tapon Magnetico 1\"BSP Allen - Utecsa","og_url":"https:\/\/utecsa.cl\/index.php\/producto\/tapon-magnetico-1bsp-allen\/","og_site_name":"Utecsa","article_modified_time":"2023-08-09T16:31:30+00:00","twitter_card":"summary_large_image","schema":{"@context":"https:\/\/schema.org","@graph":[{"@type":"WebPage","@id":"https:\/\/utecsa.cl\/index.php\/producto\/tapon-magnetico-1bsp-allen\/","url":"https:\/\/utecsa.cl\/index.php\/producto\/tapon-magnetico-1bsp-allen\/","name":"Tapon Magnetico 1\"BSP Allen - Utecsa","isPartOf":{"@id":"https:\/\/utecsa.cl\/#website"},"datePublished":"2023-07-04T18:20:14+00:00","dateModified":"2023-08-09T16:31:30+00:00","breadcrumb":{"@id":"https:\/\/utecsa.cl\/index.php\/producto\/tapon-magnetico-1bsp-allen\/#breadcrumb"},"inLanguage":"es","potentialAction":[{"@type":"ReadAction","target":["https:\/\/utecsa.cl\/index.php\/producto\/tapon-magnetico-1bsp-allen\/"]}]},{"@type":"BreadcrumbList","@id":"https:\/\/utecsa.cl\/index.php\/producto\/tapon-magnetico-1bsp-allen\/#breadcrumb","itemListElement":[{"@type":"ListItem","position":1,"name":"Portada","item":"https:\/\/utecsa.cl\/"},{"@type":"ListItem","position":2,"name":"Tienda","item":"https:\/\/utecsa.cl\/index.php\/tienda\/"},{"@type":"ListItem","position":3,"name":"Tapon Magnetico 1&#8243;BSP Allen"}]},{"@type":"WebSite","@id":"https:\/\/utecsa.cl\/#website","url":"https:\/\/utecsa.cl\/","name":"Utecsa","description":"V\u00e1lvulas hidr\u00e1ulicas | Componentes para sistemas hidr\u00e1ulicos | Conectores hidr\u00e1ulicos | Adaptadores hidr\u00e1ulicos | Fittings de acero inoxidable | Conectores de acero inoxidable","publisher":{"@id":"https:\/\/utecsa.cl\/#organization"},"potentialAction":[{"@type":"SearchAction","target":{"@type":"EntryPoint","urlTemplate":"https:\/\/utecsa.cl\/?s={search_term_string}"},"query-input":{"@type":"PropertyValueSpecification","valueRequired":true,"valueName":"search_term_string"}}],"inLanguage":"es"},{"@type":"Organization","@id":"https:\/\/utecsa.cl\/#organization","name":"Utecsa","url":"https:\/\/utecsa.cl\/","logo":{"@type":"ImageObject","inLanguage":"es","@id":"https:\/\/utecsa.cl\/#\/schema\/logo\/image\/","url":"https:\/\/utecsa.cl\/wp-content\/uploads\/2023\/12\/logo.png","contentUrl":"https:\/\/utecsa.cl\/wp-content\/uploads\/2023\/12\/logo.png","width":309,"height":150,"caption":"Utecsa"},"image":{"@id":"https:\/\/utecsa.cl\/#\/schema\/logo\/image\/"}}]}},"_links":{"self":[{"href":"https:\/\/utecsa.cl\/index.php\/wp-json\/wp\/v2\/product\/11061","targetHints":{"allow":["GET"]}}],"collection":[{"href":"https:\/\/utecsa.cl\/index.php\/wp-json\/wp\/v2\/product"}],"about":[{"href":"https:\/\/utecsa.cl\/index.php\/wp-json\/wp\/v2\/types\/product"}],"wp:attachment":[{"href":"https:\/\/utecsa.cl\/index.php\/wp-json\/wp\/v2\/media?parent=11061"}],"wp:term":[{"taxonomy":"product_brand","embeddable":true,"href":"https:\/\/utecsa.cl\/index.php\/wp-json\/wp\/v2\/product_brand?post=11061"},{"taxonomy":"product_cat","embeddable":true,"href":"https:\/\/utecsa.cl\/index.php\/wp-json\/wp\/v2\/product_cat?post=11061"},{"taxonomy":"product_tag","embeddable":true,"href":"https:\/\/utecsa.cl\/index.php\/wp-json\/wp\/v2\/product_tag?post=11061"}],"curies":[{"name":"wp","href":"https:\/\/api.w.org\/{rel}","templated":true}]}}