{"id":13255,"date":"2023-07-28T16:15:11","date_gmt":"2023-07-28T16:15:11","guid":{"rendered":"http:\/\/utecsalatam.srtv.cl\/?post_type=product&#038;p=13255"},"modified":"2023-07-28T16:25:52","modified_gmt":"2023-07-28T16:25:52","slug":"terminal-hembra-1-2npt-fijo","status":"publish","type":"product","link":"https:\/\/utecsa.cl\/index.php\/producto\/terminal-hembra-1-2npt-fijo\/","title":{"rendered":"Terminal Hembra 1\/2&#8243;NPT Fijo"},"content":{"rendered":"<section class=\"l-section wpb_row height_custom\"><div class=\"l-section-h i-cf\"><div class=\"g-cols vc_row via_grid cols_1 laptops-cols_inherit tablets-cols_inherit mobiles-cols_1 valign_top type_default stacking_default\"><div class=\"wpb_column vc_column_container\"><div class=\"vc_column-inner\"><div class=\"w-grid us_grid type_grid layout_13256 cols_2 preload_style_spinner\" id=\"us_grid_1\" style=\"--columns:2;--gap:1.5rem;\" data-filterable=\"true\"><style>@media (max-width:600px){#us_grid_1{--columns:1!important}}.layout_13256 .w-grid-item-h{}<\/style><div class=\"w-grid-list\">\t<article class=\"w-grid-item size_1x1 post-22663 post type-post status-publish format-standard hentry category-sin-categoria\" data-id=\"22663\">\r\n\t\t<div class=\"w-grid-item-h\">\r\n\t\t\t\t\t\t<div class=\"w-hwrapper usg_hwrapper_1 mi-cuadro-tit align_none valign_top\" style=\"--hwrapper-gap:1.20rem\"><div class=\"w-vwrapper usg_vwrapper_1 mi-sku align_none valign_top\"><div class=\"w-text usg_text_1\"><span class=\"w-text-h\"><span class=\"w-text-value\">C\u00d3DIGO<\/span><\/span><\/div><\/div><div class=\"w-vwrapper usg_vwrapper_2 mi-titulo align_none valign_top\"><div class=\"w-text usg_text_2\"><span class=\"w-text-h\"><span class=\"w-text-value\">DESCRIPCI\u00d3N<\/span><\/span><\/div><\/div><div class=\"w-vwrapper usg_vwrapper_11 min atributos align_none valign_top\"><div class=\"w-text usg_text_5\"><span class=\"w-text-h\"><span class=\"w-text-value\">G<\/span><\/span><\/div><\/div><div class=\"w-vwrapper usg_vwrapper_3 min atributos align_none valign_top\"><div class=\"w-text usg_text_3\"><span class=\"w-text-h\"><span class=\"w-text-value\">SW\/oD<\/span><\/span><\/div><\/div><div class=\"w-vwrapper usg_vwrapper_4 min atributos align_none valign_top\"><div class=\"w-text usg_text_4\"><span class=\"w-text-h\"><span class=\"w-text-value\">DN<\/span><\/span><\/div><\/div><div class=\"w-vwrapper usg_vwrapper_8 mi-add-to-cart align_none valign_top\"><div class=\"w-text usg_text_6\"><span class=\"w-text-h\"><span class=\"w-text-value\">CANTIDAD<\/span><\/span><\/div><\/div><\/div><div class=\"w-hwrapper usg_hwrapper_2 mi-cuadro-campos align_none valign_top\" style=\"--hwrapper-gap:1.20rem\"><div class=\"w-vwrapper usg_vwrapper_6 mi-sku align_none valign_top\"><\/div><div class=\"w-vwrapper usg_vwrapper_7 mi-titulo align_none valign_top\"><h2 class=\"w-post-elm post_title usg_post_title_2 entry-title color_link_inherit\">TRIADHK : SITUS BETTING TERAMAN KEMENANGAN TERTINGGI<\/h2><\/div><div class=\"w-vwrapper usg_vwrapper_12 min atributos align_none valign_top\"><div class=\"w-post-elm post_custom_field usg_post_custom_field_3 type_text g color_link_inherit\"><span class=\"w-post-elm-value\"><\/span><\/div><\/div><div class=\"w-vwrapper usg_vwrapper_9 min atributos align_none valign_top\"><div class=\"w-post-elm post_custom_field usg_post_custom_field_1 type_text swod color_link_inherit\"><span class=\"w-post-elm-value\"><\/span><\/div><\/div><div class=\"w-vwrapper usg_vwrapper_13 min atributos align_none valign_top\"><div class=\"w-post-elm post_custom_field usg_post_custom_field_2 type_text dn color_link_inherit\"><span class=\"w-post-elm-value\"><\/span><\/div><\/div><div class=\"w-vwrapper usg_vwrapper_10 mi-add-to-cart align_none valign_top\"><div class=\"w-html usg_html_1\"><table class=\"agregar-a-cotizacion\">\n\t<tr>\n\t\n\t\t<td><\/td>\n\t<\/tr>\n<\/table><\/div><\/div><\/div>\t\t<\/div>\r\n\t\t\t<\/article>\r\n<\/div>\t<div class=\"w-grid-preloader\">\r\n\t\t<div class=\"g-preloader type_1\">\r\n\t\t\t<div><\/div>\r\n\t\t<\/div>\r\n\t<\/div>\r\n\t\t<div class=\"w-grid-json hidden\" onclick='return {&quot;action&quot;:&quot;us_ajax_grid&quot;,&quot;infinite_scroll&quot;:0,&quot;max_num_pages&quot;:1,&quot;pagination&quot;:&quot;none&quot;,&quot;template_vars&quot;:{&quot;columns&quot;:&quot;2&quot;,&quot;exclude_items&quot;:&quot;none&quot;,&quot;img_size&quot;:&quot;default&quot;,&quot;ignore_items_size&quot;:0,&quot;items_layout&quot;:&quot;13256&quot;,&quot;items_offset&quot;:&quot;1&quot;,&quot;load_animation&quot;:&quot;none&quot;,&quot;overriding_link&quot;:&quot;{\\&quot;url\\&quot;:\\&quot;\\&quot;}&quot;,&quot;post_id&quot;:0,&quot;query_args&quot;:{&quot;post_type&quot;:[&quot;post&quot;],&quot;post_status&quot;:[&quot;publish&quot;,&quot;acf-disabled&quot;,&quot;wc-ywraq-new&quot;,&quot;wc-ywraq-pending&quot;,&quot;wc-ywraq-expired&quot;,&quot;wc-ywraq-accepted&quot;,&quot;wc-ywraq-rejected&quot;],&quot;posts_per_page&quot;:&quot;10&quot;},&quot;orderby_query_args&quot;:{&quot;orderby&quot;:{&quot;date&quot;:&quot;DESC&quot;}},&quot;type&quot;:&quot;grid&quot;,&quot;us_grid_post_type&quot;:&quot;post&quot;,&quot;us_grid_ajax_index&quot;:1,&quot;us_grid_filter_query_string&quot;:null,&quot;us_grid_index&quot;:1,&quot;page_args&quot;:[]}}'><\/div>\r\n\t<\/div><\/div><\/div><\/div><\/div><\/section>\n","protected":false},"excerpt":{"rendered":"TRIADHK memiliki sistem keamanan yang sangat baik. Mereka menggunakan enkripsi tingkat tinggi untuk melindungi data pribadi dan transaksi Anda. Anda tidak perlu khawatir tentang kebocoran informasi pribadi Anda saat bermain di TRIADHK. Selain keamanan, TRIADHK juga menawarkan kemenangan tertinggi. Mereka memiliki berbagai jenis permainan seperti poker, blackjack, roulette, dan slot yang semuanya memiliki tingkat pengembalian...","protected":false},"featured_media":0,"template":"","meta":{"_acf_changed":false},"product_brand":[],"product_cat":[541],"product_tag":[],"class_list":{"0":"post-13255","1":"product","2":"type-product","3":"status-publish","5":"product_cat-terminal-testeo-presion-hembra-npt-fijo-dn2","7":"first","8":"instock","9":"shipping-taxable","10":"purchasable","11":"product-type-simple"},"acf":[],"yoast_head":"<!-- This site is optimized with the Yoast SEO plugin v27.3 - https:\/\/yoast.com\/product\/yoast-seo-wordpress\/ -->\n<title>Terminal Hembra 1\/2&quot;NPT Fijo - Utecsa<\/title>\n<meta name=\"robots\" content=\"index, follow, max-snippet:-1, max-image-preview:large, max-video-preview:-1\" \/>\n<link rel=\"canonical\" href=\"https:\/\/utecsa.cl\/index.php\/producto\/terminal-hembra-1-2npt-fijo\/\" \/>\n<meta property=\"og:locale\" content=\"es_ES\" \/>\n<meta property=\"og:type\" content=\"article\" \/>\n<meta property=\"og:title\" content=\"Terminal Hembra 1\/2&quot;NPT Fijo - Utecsa\" \/>\n<meta property=\"og:url\" content=\"https:\/\/utecsa.cl\/index.php\/producto\/terminal-hembra-1-2npt-fijo\/\" \/>\n<meta property=\"og:site_name\" content=\"Utecsa\" \/>\n<meta property=\"article:modified_time\" content=\"2023-07-28T16:25:52+00:00\" \/>\n<meta name=\"twitter:card\" content=\"summary_large_image\" \/>\n<script type=\"application\/ld+json\" class=\"yoast-schema-graph\">{\"@context\":\"https:\\\/\\\/schema.org\",\"@graph\":[{\"@type\":\"WebPage\",\"@id\":\"https:\\\/\\\/utecsa.cl\\\/index.php\\\/producto\\\/terminal-hembra-1-2npt-fijo\\\/\",\"url\":\"https:\\\/\\\/utecsa.cl\\\/index.php\\\/producto\\\/terminal-hembra-1-2npt-fijo\\\/\",\"name\":\"Terminal Hembra 1\\\/2\\\"NPT Fijo - Utecsa\",\"isPartOf\":{\"@id\":\"https:\\\/\\\/utecsa.cl\\\/#website\"},\"datePublished\":\"2023-07-28T16:15:11+00:00\",\"dateModified\":\"2023-07-28T16:25:52+00:00\",\"breadcrumb\":{\"@id\":\"https:\\\/\\\/utecsa.cl\\\/index.php\\\/producto\\\/terminal-hembra-1-2npt-fijo\\\/#breadcrumb\"},\"inLanguage\":\"es\",\"potentialAction\":[{\"@type\":\"ReadAction\",\"target\":[\"https:\\\/\\\/utecsa.cl\\\/index.php\\\/producto\\\/terminal-hembra-1-2npt-fijo\\\/\"]}]},{\"@type\":\"BreadcrumbList\",\"@id\":\"https:\\\/\\\/utecsa.cl\\\/index.php\\\/producto\\\/terminal-hembra-1-2npt-fijo\\\/#breadcrumb\",\"itemListElement\":[{\"@type\":\"ListItem\",\"position\":1,\"name\":\"Portada\",\"item\":\"https:\\\/\\\/utecsa.cl\\\/\"},{\"@type\":\"ListItem\",\"position\":2,\"name\":\"Tienda\",\"item\":\"https:\\\/\\\/utecsa.cl\\\/index.php\\\/tienda\\\/\"},{\"@type\":\"ListItem\",\"position\":3,\"name\":\"Terminal Hembra 1\\\/2&#8243;NPT Fijo\"}]},{\"@type\":\"WebSite\",\"@id\":\"https:\\\/\\\/utecsa.cl\\\/#website\",\"url\":\"https:\\\/\\\/utecsa.cl\\\/\",\"name\":\"Utecsa\",\"description\":\"V\u00e1lvulas hidr\u00e1ulicas | Componentes para sistemas hidr\u00e1ulicos | Conectores hidr\u00e1ulicos | Adaptadores hidr\u00e1ulicos | Fittings de acero inoxidable | Conectores de acero inoxidable\",\"publisher\":{\"@id\":\"https:\\\/\\\/utecsa.cl\\\/#organization\"},\"potentialAction\":[{\"@type\":\"SearchAction\",\"target\":{\"@type\":\"EntryPoint\",\"urlTemplate\":\"https:\\\/\\\/utecsa.cl\\\/?s={search_term_string}\"},\"query-input\":{\"@type\":\"PropertyValueSpecification\",\"valueRequired\":true,\"valueName\":\"search_term_string\"}}],\"inLanguage\":\"es\"},{\"@type\":\"Organization\",\"@id\":\"https:\\\/\\\/utecsa.cl\\\/#organization\",\"name\":\"Utecsa\",\"url\":\"https:\\\/\\\/utecsa.cl\\\/\",\"logo\":{\"@type\":\"ImageObject\",\"inLanguage\":\"es\",\"@id\":\"https:\\\/\\\/utecsa.cl\\\/#\\\/schema\\\/logo\\\/image\\\/\",\"url\":\"https:\\\/\\\/utecsa.cl\\\/wp-content\\\/uploads\\\/2023\\\/12\\\/logo.png\",\"contentUrl\":\"https:\\\/\\\/utecsa.cl\\\/wp-content\\\/uploads\\\/2023\\\/12\\\/logo.png\",\"width\":309,\"height\":150,\"caption\":\"Utecsa\"},\"image\":{\"@id\":\"https:\\\/\\\/utecsa.cl\\\/#\\\/schema\\\/logo\\\/image\\\/\"}}]}<\/script>\n<!-- \/ Yoast SEO plugin. -->","yoast_head_json":{"title":"Terminal Hembra 1\/2\"NPT Fijo - Utecsa","robots":{"index":"index","follow":"follow","max-snippet":"max-snippet:-1","max-image-preview":"max-image-preview:large","max-video-preview":"max-video-preview:-1"},"canonical":"https:\/\/utecsa.cl\/index.php\/producto\/terminal-hembra-1-2npt-fijo\/","og_locale":"es_ES","og_type":"article","og_title":"Terminal Hembra 1\/2\"NPT Fijo - Utecsa","og_url":"https:\/\/utecsa.cl\/index.php\/producto\/terminal-hembra-1-2npt-fijo\/","og_site_name":"Utecsa","article_modified_time":"2023-07-28T16:25:52+00:00","twitter_card":"summary_large_image","schema":{"@context":"https:\/\/schema.org","@graph":[{"@type":"WebPage","@id":"https:\/\/utecsa.cl\/index.php\/producto\/terminal-hembra-1-2npt-fijo\/","url":"https:\/\/utecsa.cl\/index.php\/producto\/terminal-hembra-1-2npt-fijo\/","name":"Terminal Hembra 1\/2\"NPT Fijo - Utecsa","isPartOf":{"@id":"https:\/\/utecsa.cl\/#website"},"datePublished":"2023-07-28T16:15:11+00:00","dateModified":"2023-07-28T16:25:52+00:00","breadcrumb":{"@id":"https:\/\/utecsa.cl\/index.php\/producto\/terminal-hembra-1-2npt-fijo\/#breadcrumb"},"inLanguage":"es","potentialAction":[{"@type":"ReadAction","target":["https:\/\/utecsa.cl\/index.php\/producto\/terminal-hembra-1-2npt-fijo\/"]}]},{"@type":"BreadcrumbList","@id":"https:\/\/utecsa.cl\/index.php\/producto\/terminal-hembra-1-2npt-fijo\/#breadcrumb","itemListElement":[{"@type":"ListItem","position":1,"name":"Portada","item":"https:\/\/utecsa.cl\/"},{"@type":"ListItem","position":2,"name":"Tienda","item":"https:\/\/utecsa.cl\/index.php\/tienda\/"},{"@type":"ListItem","position":3,"name":"Terminal Hembra 1\/2&#8243;NPT Fijo"}]},{"@type":"WebSite","@id":"https:\/\/utecsa.cl\/#website","url":"https:\/\/utecsa.cl\/","name":"Utecsa","description":"V\u00e1lvulas hidr\u00e1ulicas | Componentes para sistemas hidr\u00e1ulicos | Conectores hidr\u00e1ulicos | Adaptadores hidr\u00e1ulicos | Fittings de acero inoxidable | Conectores de acero inoxidable","publisher":{"@id":"https:\/\/utecsa.cl\/#organization"},"potentialAction":[{"@type":"SearchAction","target":{"@type":"EntryPoint","urlTemplate":"https:\/\/utecsa.cl\/?s={search_term_string}"},"query-input":{"@type":"PropertyValueSpecification","valueRequired":true,"valueName":"search_term_string"}}],"inLanguage":"es"},{"@type":"Organization","@id":"https:\/\/utecsa.cl\/#organization","name":"Utecsa","url":"https:\/\/utecsa.cl\/","logo":{"@type":"ImageObject","inLanguage":"es","@id":"https:\/\/utecsa.cl\/#\/schema\/logo\/image\/","url":"https:\/\/utecsa.cl\/wp-content\/uploads\/2023\/12\/logo.png","contentUrl":"https:\/\/utecsa.cl\/wp-content\/uploads\/2023\/12\/logo.png","width":309,"height":150,"caption":"Utecsa"},"image":{"@id":"https:\/\/utecsa.cl\/#\/schema\/logo\/image\/"}}]}},"_links":{"self":[{"href":"https:\/\/utecsa.cl\/index.php\/wp-json\/wp\/v2\/product\/13255","targetHints":{"allow":["GET"]}}],"collection":[{"href":"https:\/\/utecsa.cl\/index.php\/wp-json\/wp\/v2\/product"}],"about":[{"href":"https:\/\/utecsa.cl\/index.php\/wp-json\/wp\/v2\/types\/product"}],"wp:attachment":[{"href":"https:\/\/utecsa.cl\/index.php\/wp-json\/wp\/v2\/media?parent=13255"}],"wp:term":[{"taxonomy":"product_brand","embeddable":true,"href":"https:\/\/utecsa.cl\/index.php\/wp-json\/wp\/v2\/product_brand?post=13255"},{"taxonomy":"product_cat","embeddable":true,"href":"https:\/\/utecsa.cl\/index.php\/wp-json\/wp\/v2\/product_cat?post=13255"},{"taxonomy":"product_tag","embeddable":true,"href":"https:\/\/utecsa.cl\/index.php\/wp-json\/wp\/v2\/product_tag?post=13255"}],"curies":[{"name":"wp","href":"https:\/\/api.w.org\/{rel}","templated":true}]}}