{"id":14320,"date":"2023-08-07T22:56:37","date_gmt":"2023-08-07T22:56:37","guid":{"rendered":"http:\/\/utecsalatam.srtv.cl\/?post_type=product&#038;p=14320"},"modified":"2023-08-07T22:56:42","modified_gmt":"2023-08-07T22:56:42","slug":"manguera-sae-100-r1at-3-4","status":"publish","type":"product","link":"https:\/\/utecsa.cl\/index.php\/producto\/manguera-sae-100-r1at-3-4\/","title":{"rendered":"Manguera SAE 100 R1AT 3\/4&#8243;"},"content":{"rendered":"","protected":false},"excerpt":{"rendered":"","protected":false},"featured_media":0,"template":"","meta":{"_acf_changed":false},"product_brand":[],"product_cat":[622],"product_tag":[],"class_list":{"0":"post-14320","1":"product","2":"type-product","3":"status-publish","5":"product_cat-mangueras-oleohidraulicas-sae-100-r1-at-sel-vitillo","7":"first","8":"instock","9":"shipping-taxable","10":"purchasable","11":"product-type-simple"},"acf":[],"yoast_head":"<!-- This site is optimized with the Yoast SEO plugin v27.3 - https:\/\/yoast.com\/product\/yoast-seo-wordpress\/ -->\n<title>Manguera SAE 100 R1AT 3\/4&quot; - Utecsa<\/title>\n<meta name=\"robots\" content=\"index, follow, max-snippet:-1, max-image-preview:large, max-video-preview:-1\" \/>\n<link rel=\"canonical\" href=\"https:\/\/utecsa.cl\/index.php\/producto\/manguera-sae-100-r1at-3-4\/\" \/>\n<meta property=\"og:locale\" content=\"es_ES\" \/>\n<meta property=\"og:type\" content=\"article\" \/>\n<meta property=\"og:title\" content=\"Manguera SAE 100 R1AT 3\/4&quot; - Utecsa\" \/>\n<meta property=\"og:url\" content=\"https:\/\/utecsa.cl\/index.php\/producto\/manguera-sae-100-r1at-3-4\/\" \/>\n<meta property=\"og:site_name\" content=\"Utecsa\" \/>\n<meta property=\"article:modified_time\" content=\"2023-08-07T22:56:42+00:00\" \/>\n<meta name=\"twitter:card\" content=\"summary_large_image\" \/>\n<script type=\"application\/ld+json\" class=\"yoast-schema-graph\">{\"@context\":\"https:\\\/\\\/schema.org\",\"@graph\":[{\"@type\":\"WebPage\",\"@id\":\"https:\\\/\\\/utecsa.cl\\\/index.php\\\/producto\\\/manguera-sae-100-r1at-3-4\\\/\",\"url\":\"https:\\\/\\\/utecsa.cl\\\/index.php\\\/producto\\\/manguera-sae-100-r1at-3-4\\\/\",\"name\":\"Manguera SAE 100 R1AT 3\\\/4\\\" - Utecsa\",\"isPartOf\":{\"@id\":\"https:\\\/\\\/utecsa.cl\\\/#website\"},\"datePublished\":\"2023-08-07T22:56:37+00:00\",\"dateModified\":\"2023-08-07T22:56:42+00:00\",\"breadcrumb\":{\"@id\":\"https:\\\/\\\/utecsa.cl\\\/index.php\\\/producto\\\/manguera-sae-100-r1at-3-4\\\/#breadcrumb\"},\"inLanguage\":\"es\",\"potentialAction\":[{\"@type\":\"ReadAction\",\"target\":[\"https:\\\/\\\/utecsa.cl\\\/index.php\\\/producto\\\/manguera-sae-100-r1at-3-4\\\/\"]}]},{\"@type\":\"BreadcrumbList\",\"@id\":\"https:\\\/\\\/utecsa.cl\\\/index.php\\\/producto\\\/manguera-sae-100-r1at-3-4\\\/#breadcrumb\",\"itemListElement\":[{\"@type\":\"ListItem\",\"position\":1,\"name\":\"Portada\",\"item\":\"https:\\\/\\\/utecsa.cl\\\/\"},{\"@type\":\"ListItem\",\"position\":2,\"name\":\"Tienda\",\"item\":\"https:\\\/\\\/utecsa.cl\\\/index.php\\\/tienda\\\/\"},{\"@type\":\"ListItem\",\"position\":3,\"name\":\"Manguera SAE 100 R1AT 3\\\/4&#8243;\"}]},{\"@type\":\"WebSite\",\"@id\":\"https:\\\/\\\/utecsa.cl\\\/#website\",\"url\":\"https:\\\/\\\/utecsa.cl\\\/\",\"name\":\"Utecsa\",\"description\":\"V\u00e1lvulas hidr\u00e1ulicas | Componentes para sistemas hidr\u00e1ulicos | Conectores hidr\u00e1ulicos | Adaptadores hidr\u00e1ulicos | Fittings de acero inoxidable | Conectores de acero inoxidable\",\"publisher\":{\"@id\":\"https:\\\/\\\/utecsa.cl\\\/#organization\"},\"potentialAction\":[{\"@type\":\"SearchAction\",\"target\":{\"@type\":\"EntryPoint\",\"urlTemplate\":\"https:\\\/\\\/utecsa.cl\\\/?s={search_term_string}\"},\"query-input\":{\"@type\":\"PropertyValueSpecification\",\"valueRequired\":true,\"valueName\":\"search_term_string\"}}],\"inLanguage\":\"es\"},{\"@type\":\"Organization\",\"@id\":\"https:\\\/\\\/utecsa.cl\\\/#organization\",\"name\":\"Utecsa\",\"url\":\"https:\\\/\\\/utecsa.cl\\\/\",\"logo\":{\"@type\":\"ImageObject\",\"inLanguage\":\"es\",\"@id\":\"https:\\\/\\\/utecsa.cl\\\/#\\\/schema\\\/logo\\\/image\\\/\",\"url\":\"https:\\\/\\\/utecsa.cl\\\/wp-content\\\/uploads\\\/2023\\\/12\\\/logo.png\",\"contentUrl\":\"https:\\\/\\\/utecsa.cl\\\/wp-content\\\/uploads\\\/2023\\\/12\\\/logo.png\",\"width\":309,\"height\":150,\"caption\":\"Utecsa\"},\"image\":{\"@id\":\"https:\\\/\\\/utecsa.cl\\\/#\\\/schema\\\/logo\\\/image\\\/\"}}]}<\/script>\n<!-- \/ Yoast SEO plugin. -->","yoast_head_json":{"title":"Manguera SAE 100 R1AT 3\/4\" - Utecsa","robots":{"index":"index","follow":"follow","max-snippet":"max-snippet:-1","max-image-preview":"max-image-preview:large","max-video-preview":"max-video-preview:-1"},"canonical":"https:\/\/utecsa.cl\/index.php\/producto\/manguera-sae-100-r1at-3-4\/","og_locale":"es_ES","og_type":"article","og_title":"Manguera SAE 100 R1AT 3\/4\" - Utecsa","og_url":"https:\/\/utecsa.cl\/index.php\/producto\/manguera-sae-100-r1at-3-4\/","og_site_name":"Utecsa","article_modified_time":"2023-08-07T22:56:42+00:00","twitter_card":"summary_large_image","schema":{"@context":"https:\/\/schema.org","@graph":[{"@type":"WebPage","@id":"https:\/\/utecsa.cl\/index.php\/producto\/manguera-sae-100-r1at-3-4\/","url":"https:\/\/utecsa.cl\/index.php\/producto\/manguera-sae-100-r1at-3-4\/","name":"Manguera SAE 100 R1AT 3\/4\" - Utecsa","isPartOf":{"@id":"https:\/\/utecsa.cl\/#website"},"datePublished":"2023-08-07T22:56:37+00:00","dateModified":"2023-08-07T22:56:42+00:00","breadcrumb":{"@id":"https:\/\/utecsa.cl\/index.php\/producto\/manguera-sae-100-r1at-3-4\/#breadcrumb"},"inLanguage":"es","potentialAction":[{"@type":"ReadAction","target":["https:\/\/utecsa.cl\/index.php\/producto\/manguera-sae-100-r1at-3-4\/"]}]},{"@type":"BreadcrumbList","@id":"https:\/\/utecsa.cl\/index.php\/producto\/manguera-sae-100-r1at-3-4\/#breadcrumb","itemListElement":[{"@type":"ListItem","position":1,"name":"Portada","item":"https:\/\/utecsa.cl\/"},{"@type":"ListItem","position":2,"name":"Tienda","item":"https:\/\/utecsa.cl\/index.php\/tienda\/"},{"@type":"ListItem","position":3,"name":"Manguera SAE 100 R1AT 3\/4&#8243;"}]},{"@type":"WebSite","@id":"https:\/\/utecsa.cl\/#website","url":"https:\/\/utecsa.cl\/","name":"Utecsa","description":"V\u00e1lvulas hidr\u00e1ulicas | Componentes para sistemas hidr\u00e1ulicos | Conectores hidr\u00e1ulicos | Adaptadores hidr\u00e1ulicos | Fittings de acero inoxidable | Conectores de acero inoxidable","publisher":{"@id":"https:\/\/utecsa.cl\/#organization"},"potentialAction":[{"@type":"SearchAction","target":{"@type":"EntryPoint","urlTemplate":"https:\/\/utecsa.cl\/?s={search_term_string}"},"query-input":{"@type":"PropertyValueSpecification","valueRequired":true,"valueName":"search_term_string"}}],"inLanguage":"es"},{"@type":"Organization","@id":"https:\/\/utecsa.cl\/#organization","name":"Utecsa","url":"https:\/\/utecsa.cl\/","logo":{"@type":"ImageObject","inLanguage":"es","@id":"https:\/\/utecsa.cl\/#\/schema\/logo\/image\/","url":"https:\/\/utecsa.cl\/wp-content\/uploads\/2023\/12\/logo.png","contentUrl":"https:\/\/utecsa.cl\/wp-content\/uploads\/2023\/12\/logo.png","width":309,"height":150,"caption":"Utecsa"},"image":{"@id":"https:\/\/utecsa.cl\/#\/schema\/logo\/image\/"}}]}},"_links":{"self":[{"href":"https:\/\/utecsa.cl\/index.php\/wp-json\/wp\/v2\/product\/14320","targetHints":{"allow":["GET"]}}],"collection":[{"href":"https:\/\/utecsa.cl\/index.php\/wp-json\/wp\/v2\/product"}],"about":[{"href":"https:\/\/utecsa.cl\/index.php\/wp-json\/wp\/v2\/types\/product"}],"wp:attachment":[{"href":"https:\/\/utecsa.cl\/index.php\/wp-json\/wp\/v2\/media?parent=14320"}],"wp:term":[{"taxonomy":"product_brand","embeddable":true,"href":"https:\/\/utecsa.cl\/index.php\/wp-json\/wp\/v2\/product_brand?post=14320"},{"taxonomy":"product_cat","embeddable":true,"href":"https:\/\/utecsa.cl\/index.php\/wp-json\/wp\/v2\/product_cat?post=14320"},{"taxonomy":"product_tag","embeddable":true,"href":"https:\/\/utecsa.cl\/index.php\/wp-json\/wp\/v2\/product_tag?post=14320"}],"curies":[{"name":"wp","href":"https:\/\/api.w.org\/{rel}","templated":true}]}}