{"id":14861,"date":"2023-08-02T21:46:38","date_gmt":"2023-08-02T21:46:38","guid":{"rendered":"http:\/\/utecsalatam.srtv.cl\/?post_type=product&#038;p=14861"},"modified":"2024-09-11T15:29:35","modified_gmt":"2024-09-11T15:29:35","slug":"mangueras-oleohidraulicas-sae-100-r2-at-wurkonen","status":"publish","type":"product","link":"https:\/\/utecsa.cl\/index.php\/producto\/mangueras-oleohidraulicas-sae-100-r2-at-wurkonen\/","title":{"rendered":"Mangueras Oleohidr\u00e1ulicas SAE 100 R2 AT Wurkonen"},"content":{"rendered":"<section class=\"l-section wpb_row us_custom_57f5615c height_custom width_full\"><div class=\"l-section-h i-cf\"><div class=\"g-cols vc_row via_grid cols_1 laptops-cols_inherit tablets-cols_inherit mobiles-cols_1 valign_top type_default stacking_default\"><div class=\"wpb_column vc_column_container\"><div class=\"vc_column-inner\"><\/div><\/div><\/div><\/div><\/section>\n","protected":false},"excerpt":{"rendered":"","protected":false},"featured_media":20764,"template":"","meta":{"_acf_changed":false},"product_brand":[],"product_cat":[971],"product_tag":[922],"class_list":{"0":"post-14861","1":"product","2":"type-product","3":"status-publish","4":"has-post-thumbnail","6":"product_cat-mangueras-oleohidraulicas-sae-100-r2-at-wurkonen","7":"product_tag-mostrarencategoria","9":"first","10":"instock","11":"shipping-taxable","12":"product-type-simple"},"acf":[],"yoast_head":"<!-- This site is optimized with the Yoast SEO plugin v27.3 - https:\/\/yoast.com\/product\/yoast-seo-wordpress\/ -->\n<title>Mangueras Oleohidr\u00e1ulicas SAE 100 R2 AT Wurkonen - Utecsa<\/title>\n<meta name=\"robots\" content=\"index, follow, max-snippet:-1, max-image-preview:large, max-video-preview:-1\" \/>\n<link rel=\"canonical\" href=\"https:\/\/utecsa.cl\/index.php\/producto\/mangueras-oleohidraulicas-sae-100-r2-at-wurkonen\/\" \/>\n<meta property=\"og:locale\" content=\"es_ES\" \/>\n<meta property=\"og:type\" content=\"article\" \/>\n<meta property=\"og:title\" content=\"Mangueras Oleohidr\u00e1ulicas SAE 100 R2 AT Wurkonen - Utecsa\" \/>\n<meta property=\"og:url\" content=\"https:\/\/utecsa.cl\/index.php\/producto\/mangueras-oleohidraulicas-sae-100-r2-at-wurkonen\/\" \/>\n<meta property=\"og:site_name\" content=\"Utecsa\" \/>\n<meta property=\"article:modified_time\" content=\"2024-09-11T15:29:35+00:00\" \/>\n<meta property=\"og:image\" content=\"https:\/\/utecsa.cl\/wp-content\/uploads\/2023\/08\/Mangueras-Oleohidraulicas-SAE-100-R2-AT.png\" \/>\n\t<meta property=\"og:image:width\" content=\"300\" \/>\n\t<meta property=\"og:image:height\" content=\"300\" \/>\n\t<meta property=\"og:image:type\" content=\"image\/png\" \/>\n<meta name=\"twitter:card\" content=\"summary_large_image\" \/>\n<meta name=\"twitter:label1\" content=\"Tiempo de lectura\" \/>\n\t<meta name=\"twitter:data1\" content=\"1 minuto\" \/>\n<script type=\"application\/ld+json\" class=\"yoast-schema-graph\">{\"@context\":\"https:\\\/\\\/schema.org\",\"@graph\":[{\"@type\":\"WebPage\",\"@id\":\"https:\\\/\\\/utecsa.cl\\\/index.php\\\/producto\\\/mangueras-oleohidraulicas-sae-100-r2-at-wurkonen\\\/\",\"url\":\"https:\\\/\\\/utecsa.cl\\\/index.php\\\/producto\\\/mangueras-oleohidraulicas-sae-100-r2-at-wurkonen\\\/\",\"name\":\"Mangueras Oleohidr\u00e1ulicas SAE 100 R2 AT Wurkonen - Utecsa\",\"isPartOf\":{\"@id\":\"https:\\\/\\\/utecsa.cl\\\/#website\"},\"primaryImageOfPage\":{\"@id\":\"https:\\\/\\\/utecsa.cl\\\/index.php\\\/producto\\\/mangueras-oleohidraulicas-sae-100-r2-at-wurkonen\\\/#primaryimage\"},\"image\":{\"@id\":\"https:\\\/\\\/utecsa.cl\\\/index.php\\\/producto\\\/mangueras-oleohidraulicas-sae-100-r2-at-wurkonen\\\/#primaryimage\"},\"thumbnailUrl\":\"https:\\\/\\\/utecsa.cl\\\/wp-content\\\/uploads\\\/2023\\\/08\\\/Mangueras-Oleohidraulicas-SAE-100-R2-AT.png\",\"datePublished\":\"2023-08-02T21:46:38+00:00\",\"dateModified\":\"2024-09-11T15:29:35+00:00\",\"breadcrumb\":{\"@id\":\"https:\\\/\\\/utecsa.cl\\\/index.php\\\/producto\\\/mangueras-oleohidraulicas-sae-100-r2-at-wurkonen\\\/#breadcrumb\"},\"inLanguage\":\"es\",\"potentialAction\":[{\"@type\":\"ReadAction\",\"target\":[\"https:\\\/\\\/utecsa.cl\\\/index.php\\\/producto\\\/mangueras-oleohidraulicas-sae-100-r2-at-wurkonen\\\/\"]}]},{\"@type\":\"ImageObject\",\"inLanguage\":\"es\",\"@id\":\"https:\\\/\\\/utecsa.cl\\\/index.php\\\/producto\\\/mangueras-oleohidraulicas-sae-100-r2-at-wurkonen\\\/#primaryimage\",\"url\":\"https:\\\/\\\/utecsa.cl\\\/wp-content\\\/uploads\\\/2023\\\/08\\\/Mangueras-Oleohidraulicas-SAE-100-R2-AT.png\",\"contentUrl\":\"https:\\\/\\\/utecsa.cl\\\/wp-content\\\/uploads\\\/2023\\\/08\\\/Mangueras-Oleohidraulicas-SAE-100-R2-AT.png\",\"width\":300,\"height\":300},{\"@type\":\"BreadcrumbList\",\"@id\":\"https:\\\/\\\/utecsa.cl\\\/index.php\\\/producto\\\/mangueras-oleohidraulicas-sae-100-r2-at-wurkonen\\\/#breadcrumb\",\"itemListElement\":[{\"@type\":\"ListItem\",\"position\":1,\"name\":\"Portada\",\"item\":\"https:\\\/\\\/utecsa.cl\\\/\"},{\"@type\":\"ListItem\",\"position\":2,\"name\":\"Tienda\",\"item\":\"https:\\\/\\\/utecsa.cl\\\/index.php\\\/tienda\\\/\"},{\"@type\":\"ListItem\",\"position\":3,\"name\":\"Mangueras Oleohidr\u00e1ulicas SAE 100 R2 AT Wurkonen\"}]},{\"@type\":\"WebSite\",\"@id\":\"https:\\\/\\\/utecsa.cl\\\/#website\",\"url\":\"https:\\\/\\\/utecsa.cl\\\/\",\"name\":\"Utecsa\",\"description\":\"V\u00e1lvulas hidr\u00e1ulicas | Componentes para sistemas hidr\u00e1ulicos | Conectores hidr\u00e1ulicos | Adaptadores hidr\u00e1ulicos | Fittings de acero inoxidable | Conectores de acero inoxidable\",\"publisher\":{\"@id\":\"https:\\\/\\\/utecsa.cl\\\/#organization\"},\"potentialAction\":[{\"@type\":\"SearchAction\",\"target\":{\"@type\":\"EntryPoint\",\"urlTemplate\":\"https:\\\/\\\/utecsa.cl\\\/?s={search_term_string}\"},\"query-input\":{\"@type\":\"PropertyValueSpecification\",\"valueRequired\":true,\"valueName\":\"search_term_string\"}}],\"inLanguage\":\"es\"},{\"@type\":\"Organization\",\"@id\":\"https:\\\/\\\/utecsa.cl\\\/#organization\",\"name\":\"Utecsa\",\"url\":\"https:\\\/\\\/utecsa.cl\\\/\",\"logo\":{\"@type\":\"ImageObject\",\"inLanguage\":\"es\",\"@id\":\"https:\\\/\\\/utecsa.cl\\\/#\\\/schema\\\/logo\\\/image\\\/\",\"url\":\"https:\\\/\\\/utecsa.cl\\\/wp-content\\\/uploads\\\/2023\\\/12\\\/logo.png\",\"contentUrl\":\"https:\\\/\\\/utecsa.cl\\\/wp-content\\\/uploads\\\/2023\\\/12\\\/logo.png\",\"width\":309,\"height\":150,\"caption\":\"Utecsa\"},\"image\":{\"@id\":\"https:\\\/\\\/utecsa.cl\\\/#\\\/schema\\\/logo\\\/image\\\/\"}}]}<\/script>\n<!-- \/ Yoast SEO plugin. -->","yoast_head_json":{"title":"Mangueras Oleohidr\u00e1ulicas SAE 100 R2 AT Wurkonen - Utecsa","robots":{"index":"index","follow":"follow","max-snippet":"max-snippet:-1","max-image-preview":"max-image-preview:large","max-video-preview":"max-video-preview:-1"},"canonical":"https:\/\/utecsa.cl\/index.php\/producto\/mangueras-oleohidraulicas-sae-100-r2-at-wurkonen\/","og_locale":"es_ES","og_type":"article","og_title":"Mangueras Oleohidr\u00e1ulicas SAE 100 R2 AT Wurkonen - Utecsa","og_url":"https:\/\/utecsa.cl\/index.php\/producto\/mangueras-oleohidraulicas-sae-100-r2-at-wurkonen\/","og_site_name":"Utecsa","article_modified_time":"2024-09-11T15:29:35+00:00","og_image":[{"width":300,"height":300,"url":"https:\/\/utecsa.cl\/wp-content\/uploads\/2023\/08\/Mangueras-Oleohidraulicas-SAE-100-R2-AT.png","type":"image\/png"}],"twitter_card":"summary_large_image","twitter_misc":{"Tiempo de lectura":"1 minuto"},"schema":{"@context":"https:\/\/schema.org","@graph":[{"@type":"WebPage","@id":"https:\/\/utecsa.cl\/index.php\/producto\/mangueras-oleohidraulicas-sae-100-r2-at-wurkonen\/","url":"https:\/\/utecsa.cl\/index.php\/producto\/mangueras-oleohidraulicas-sae-100-r2-at-wurkonen\/","name":"Mangueras Oleohidr\u00e1ulicas SAE 100 R2 AT Wurkonen - Utecsa","isPartOf":{"@id":"https:\/\/utecsa.cl\/#website"},"primaryImageOfPage":{"@id":"https:\/\/utecsa.cl\/index.php\/producto\/mangueras-oleohidraulicas-sae-100-r2-at-wurkonen\/#primaryimage"},"image":{"@id":"https:\/\/utecsa.cl\/index.php\/producto\/mangueras-oleohidraulicas-sae-100-r2-at-wurkonen\/#primaryimage"},"thumbnailUrl":"https:\/\/utecsa.cl\/wp-content\/uploads\/2023\/08\/Mangueras-Oleohidraulicas-SAE-100-R2-AT.png","datePublished":"2023-08-02T21:46:38+00:00","dateModified":"2024-09-11T15:29:35+00:00","breadcrumb":{"@id":"https:\/\/utecsa.cl\/index.php\/producto\/mangueras-oleohidraulicas-sae-100-r2-at-wurkonen\/#breadcrumb"},"inLanguage":"es","potentialAction":[{"@type":"ReadAction","target":["https:\/\/utecsa.cl\/index.php\/producto\/mangueras-oleohidraulicas-sae-100-r2-at-wurkonen\/"]}]},{"@type":"ImageObject","inLanguage":"es","@id":"https:\/\/utecsa.cl\/index.php\/producto\/mangueras-oleohidraulicas-sae-100-r2-at-wurkonen\/#primaryimage","url":"https:\/\/utecsa.cl\/wp-content\/uploads\/2023\/08\/Mangueras-Oleohidraulicas-SAE-100-R2-AT.png","contentUrl":"https:\/\/utecsa.cl\/wp-content\/uploads\/2023\/08\/Mangueras-Oleohidraulicas-SAE-100-R2-AT.png","width":300,"height":300},{"@type":"BreadcrumbList","@id":"https:\/\/utecsa.cl\/index.php\/producto\/mangueras-oleohidraulicas-sae-100-r2-at-wurkonen\/#breadcrumb","itemListElement":[{"@type":"ListItem","position":1,"name":"Portada","item":"https:\/\/utecsa.cl\/"},{"@type":"ListItem","position":2,"name":"Tienda","item":"https:\/\/utecsa.cl\/index.php\/tienda\/"},{"@type":"ListItem","position":3,"name":"Mangueras Oleohidr\u00e1ulicas SAE 100 R2 AT Wurkonen"}]},{"@type":"WebSite","@id":"https:\/\/utecsa.cl\/#website","url":"https:\/\/utecsa.cl\/","name":"Utecsa","description":"V\u00e1lvulas hidr\u00e1ulicas | Componentes para sistemas hidr\u00e1ulicos | Conectores hidr\u00e1ulicos | Adaptadores hidr\u00e1ulicos | Fittings de acero inoxidable | Conectores de acero inoxidable","publisher":{"@id":"https:\/\/utecsa.cl\/#organization"},"potentialAction":[{"@type":"SearchAction","target":{"@type":"EntryPoint","urlTemplate":"https:\/\/utecsa.cl\/?s={search_term_string}"},"query-input":{"@type":"PropertyValueSpecification","valueRequired":true,"valueName":"search_term_string"}}],"inLanguage":"es"},{"@type":"Organization","@id":"https:\/\/utecsa.cl\/#organization","name":"Utecsa","url":"https:\/\/utecsa.cl\/","logo":{"@type":"ImageObject","inLanguage":"es","@id":"https:\/\/utecsa.cl\/#\/schema\/logo\/image\/","url":"https:\/\/utecsa.cl\/wp-content\/uploads\/2023\/12\/logo.png","contentUrl":"https:\/\/utecsa.cl\/wp-content\/uploads\/2023\/12\/logo.png","width":309,"height":150,"caption":"Utecsa"},"image":{"@id":"https:\/\/utecsa.cl\/#\/schema\/logo\/image\/"}}]}},"_links":{"self":[{"href":"https:\/\/utecsa.cl\/index.php\/wp-json\/wp\/v2\/product\/14861","targetHints":{"allow":["GET"]}}],"collection":[{"href":"https:\/\/utecsa.cl\/index.php\/wp-json\/wp\/v2\/product"}],"about":[{"href":"https:\/\/utecsa.cl\/index.php\/wp-json\/wp\/v2\/types\/product"}],"wp:featuredmedia":[{"embeddable":true,"href":"https:\/\/utecsa.cl\/index.php\/wp-json\/wp\/v2\/media\/20764"}],"wp:attachment":[{"href":"https:\/\/utecsa.cl\/index.php\/wp-json\/wp\/v2\/media?parent=14861"}],"wp:term":[{"taxonomy":"product_brand","embeddable":true,"href":"https:\/\/utecsa.cl\/index.php\/wp-json\/wp\/v2\/product_brand?post=14861"},{"taxonomy":"product_cat","embeddable":true,"href":"https:\/\/utecsa.cl\/index.php\/wp-json\/wp\/v2\/product_cat?post=14861"},{"taxonomy":"product_tag","embeddable":true,"href":"https:\/\/utecsa.cl\/index.php\/wp-json\/wp\/v2\/product_tag?post=14861"}],"curies":[{"name":"wp","href":"https:\/\/api.w.org\/{rel}","templated":true}]}}